{"id":4002,"date":"2023-10-29T13:36:35","date_gmt":"2023-10-29T13:36:35","guid":{"rendered":"https:\/\/www.kaynakcim.com\/demo\/?post_type=product&#038;p=4002"},"modified":"2023-10-29T13:36:59","modified_gmt":"2023-10-29T13:36:59","slug":"501-gazalti-bakir-mig-nozul","status":"publish","type":"product","link":"https:\/\/www.dakikteknik.com\/demo\/urun\/501-gazalti-bakir-mig-nozul\/","title":{"rendered":"501 Gazalt\u0131 Bak\u0131r Mig Nozul"},"content":{"rendered":"","protected":false},"excerpt":{"rendered":"<p style=\"font-weight: 400;\"><b><strong>MIG Kaynak Nozulu Nedir?<\/strong><\/b><\/p>\n<p style=\"font-weight: 400;\">MIG kaynak nozulunuzun amac\u0131 olduk\u00e7a basittir. Gaz\u0131 kaynak su birikintisine y\u00f6nlendirmek ve temas ucunuzu erimi\u015f metalden korumak i\u00e7in oradad\u0131r.<\/p>\n<p style=\"font-weight: 400;\"><b><strong>MIG Kaynak Nozullar\u0131 Neden Yap\u0131l\u0131r?<\/strong><\/b><\/p>\n<p style=\"font-weight: 400;\">\u00c7o\u011fu zaman, nozullar bak\u0131r veya pirin\u00e7ten yap\u0131l\u0131r, ancak baz\u0131 uygulamalar kaplamal\u0131 nozullarla da iyi \u00e7al\u0131\u015f\u0131r.<\/p>\n<p style=\"font-weight: 400;\"><b><strong>Bak\u0131r Nozullar<\/strong><\/b><\/p>\n<p style=\"font-weight: 400;\">Bak\u0131r kaynak nozullar\u0131 s\u0131\u00e7ramaya kar\u015f\u0131 koruma sa\u011flamak i\u00e7in iyi bir se\u00e7imdir, ancak daha uzun ark s\u00fcresi veya daha y\u00fcksek amper (&gt; 300 amper) gerektiren bir i\u015fte \u00e7al\u0131\u015f\u0131yorsan\u0131z tek se\u00e7ene\u011finiz budur. Y\u00fcksek \u0131s\u0131ya kar\u015f\u0131 daha da fazla koruma i\u00e7in (400 ila 600 amper aral\u0131\u011f\u0131), a\u011f\u0131r hizmet tipi bak\u0131r nozullar hem daha kal\u0131n duvarlara hem de daha kal\u0131n izolat\u00f6rlere sahiptir.<\/p>\n","protected":false},"featured_media":3999,"template":"","meta":[],"product_brand":[],"product_cat":[59,64],"product_tag":[100,95,92,93],"class_list":{"0":"post-4002","1":"product","2":"type-product","3":"status-publish","4":"has-post-thumbnail","6":"product_cat-mig-kaynak-ekipman","7":"product_cat-mig-nozul","8":"product_tag-501-gazalti-bakir-mig-nozul","9":"product_tag-bakir-nozul","10":"product_tag-mig-nozul","11":"product_tag-nozul","13":"first","14":"instock","15":"shipping-taxable","16":"product-type-simple"},"_links":{"self":[{"href":"https:\/\/www.dakikteknik.com\/demo\/wp-json\/wp\/v2\/product\/4002","targetHints":{"allow":["GET"]}}],"collection":[{"href":"https:\/\/www.dakikteknik.com\/demo\/wp-json\/wp\/v2\/product"}],"about":[{"href":"https:\/\/www.dakikteknik.com\/demo\/wp-json\/wp\/v2\/types\/product"}],"wp:featuredmedia":[{"embeddable":true,"href":"https:\/\/www.dakikteknik.com\/demo\/wp-json\/wp\/v2\/media\/3999"}],"wp:attachment":[{"href":"https:\/\/www.dakikteknik.com\/demo\/wp-json\/wp\/v2\/media?parent=4002"}],"wp:term":[{"taxonomy":"product_brand","embeddable":true,"href":"https:\/\/www.dakikteknik.com\/demo\/wp-json\/wp\/v2\/product_brand?post=4002"},{"taxonomy":"product_cat","embeddable":true,"href":"https:\/\/www.dakikteknik.com\/demo\/wp-json\/wp\/v2\/product_cat?post=4002"},{"taxonomy":"product_tag","embeddable":true,"href":"https:\/\/www.dakikteknik.com\/demo\/wp-json\/wp\/v2\/product_tag?post=4002"}],"curies":[{"name":"wp","href":"https:\/\/api.w.org\/{rel}","templated":true}]}}