{"id":3995,"date":"2023-10-28T19:46:10","date_gmt":"2023-10-28T19:46:10","guid":{"rendered":"https:\/\/www.kaynakcim.com\/demo\/?post_type=product&#038;p=3995"},"modified":"2023-10-28T19:46:40","modified_gmt":"2023-10-28T19:46:40","slug":"mig-501-su-sogutmali-gazalti-kaynak-torc-5m","status":"publish","type":"product","link":"https:\/\/www.dakikteknik.com\/demo\/urun\/mig-501-su-sogutmali-gazalti-kaynak-torc-5m\/","title":{"rendered":"Mig 501 Su So\u011futmal\u0131 Gazalt\u0131 Kaynak Tor\u00e7 5M"},"content":{"rendered":"","protected":false},"excerpt":{"rendered":"<div>Yerli \u00fcretim olup, kontak meme, meme hamili, nozul ve dif\u00fcz\u00f6r \u00fczerinde olup direk kullan\u0131ma uygun haldedir.<\/div>\n<div><\/div>\n<div><strong>M\u0130G 501 GAZALTI KAYNAK TORCU SU SO\u011eUTMALI<\/strong><\/div>\n<div>\n<ul>\n<li>501 KON\u0130K NOZUL<\/li>\n<li>M8 KONTAK MEME<\/li>\n<li>501 KOMPOZ\u0130T D\u0130F\u00dcZ\u00d6R<\/li>\n<li>501 MEME TUTUCU<\/li>\n<li>501 KU\u011eU BOYNU<\/li>\n<li>501 KABZA<\/li>\n<li>501 KABZA B\u0130LEZ\u0130\u011e\u0130<\/li>\n<li>501 KABZA MAFSALI<\/li>\n<li>501 M\u0130G TET\u0130K<\/li>\n<li>501 KORUYUCU YAY<\/li>\n<li>AKIM KABLOSU<\/li>\n<li>D\u0130P ADAPT\u00d6R MUHAFAZASI<\/li>\n<li>D\u0130P ADAPT\u00d6R SOMUNU<\/li>\n<li>\u0130ZOLES\u0130Z \u00c7EL\u0130K SP\u0130RAL<\/li>\n<\/ul>\n<div>\u00a0<strong>Gazalt\u0131 kaynak tor\u00e7lar\u0131 ( Mig \/ Mag Tor\u00e7 )<\/strong> g\u00fcn\u00fcm\u00fczde en \u00e7ok kullan\u0131lan kaynak tor\u00e7lar\u0131d\u0131r. Sebebi en s\u0131k kullan\u0131lan kaynak y\u00f6ntemi, gazalt\u0131 kaynak y\u00f6ntemidir. Gazalt\u0131 kaynak tor\u00e7lar\u0131 haval\u0131 ve sulu olarak s\u0131n\u0131fland\u0131r\u0131l\u0131r. Ayr\u0131ca gazalt\u0131 kaynak makinalar\u0131 su so\u011futmal\u0131 gazalt\u0131 kaynak makinalar\u0131 ve hava so\u011futmal\u0131 gazalt\u0131 kaynak makinalar\u0131 olarakta s\u0131n\u0131fland\u0131r\u0131labilir.<\/div>\n<\/div>\n","protected":false},"featured_media":3993,"template":"","meta":[],"product_brand":[],"product_cat":[59,61],"product_tag":[87,90,88],"class_list":{"0":"post-3995","1":"product","2":"type-product","3":"status-publish","4":"has-post-thumbnail","6":"product_cat-mig-kaynak-ekipman","7":"product_cat-mig-torclar","8":"product_tag-mig-501","9":"product_tag-mig-501-su-sogutmali-gazalti-kaynak-torc-5m","10":"product_tag-su-sogutmali-gazalti-kaynak-torc","12":"first","13":"instock","14":"shipping-taxable","15":"product-type-simple"},"_links":{"self":[{"href":"https:\/\/www.dakikteknik.com\/demo\/wp-json\/wp\/v2\/product\/3995","targetHints":{"allow":["GET"]}}],"collection":[{"href":"https:\/\/www.dakikteknik.com\/demo\/wp-json\/wp\/v2\/product"}],"about":[{"href":"https:\/\/www.dakikteknik.com\/demo\/wp-json\/wp\/v2\/types\/product"}],"wp:featuredmedia":[{"embeddable":true,"href":"https:\/\/www.dakikteknik.com\/demo\/wp-json\/wp\/v2\/media\/3993"}],"wp:attachment":[{"href":"https:\/\/www.dakikteknik.com\/demo\/wp-json\/wp\/v2\/media?parent=3995"}],"wp:term":[{"taxonomy":"product_brand","embeddable":true,"href":"https:\/\/www.dakikteknik.com\/demo\/wp-json\/wp\/v2\/product_brand?post=3995"},{"taxonomy":"product_cat","embeddable":true,"href":"https:\/\/www.dakikteknik.com\/demo\/wp-json\/wp\/v2\/product_cat?post=3995"},{"taxonomy":"product_tag","embeddable":true,"href":"https:\/\/www.dakikteknik.com\/demo\/wp-json\/wp\/v2\/product_tag?post=3995"}],"curies":[{"name":"wp","href":"https:\/\/api.w.org\/{rel}","templated":true}]}}