{"id":3989,"date":"2023-10-28T19:26:24","date_gmt":"2023-10-28T19:26:24","guid":{"rendered":"https:\/\/www.kaynakcim.com\/demo\/?post_type=product&#038;p=3989"},"modified":"2023-10-28T19:35:39","modified_gmt":"2023-10-28T19:35:39","slug":"mig-36-kd-hava-sogutmali-gazalti-kaynak-torc-3m","status":"publish","type":"product","link":"https:\/\/www.dakikteknik.com\/demo\/urun\/mig-36-kd-hava-sogutmali-gazalti-kaynak-torc-3m\/","title":{"rendered":"Mig 36 KD Hava So\u011futmal\u0131 Gazalt\u0131 Kaynak Tor\u00e7 3M"},"content":{"rendered":"","protected":false},"excerpt":{"rendered":"<p style=\"font-weight: 400;\">Yerli \u00fcretim olup, kontak meme, meme hamili, nozul ve dif\u00fcz\u00f6r \u00fczerinde olup direk kullan\u0131ma uygun haldedir.<\/p>\n<p style=\"font-weight: 400;\"><b>M\u0130G 36 KD GAZALTI KAYNAK TORCU GAZ SO\u011eUTMALI<\/b><\/p>\n<ul>\n<li>36 KD KON\u0130K NOZUL<\/li>\n<li>M6 KONTAK MEME<\/li>\n<li>36 KD KOMPOZ\u0130T D\u0130F\u00dcZ\u00d6R<\/li>\n<li>36 KD MEME TUTUCU<\/li>\n<li>36 KD KU\u011eU BOYNU<\/li>\n<li>M\u0130G KABZA<\/li>\n<li>M\u0130G KABZA B\u0130LEZ\u0130\u011e\u0130<\/li>\n<li>M\u0130G TET\u0130K<\/li>\n<li>KORUYUCU YAY<\/li>\n<li>AKIM KABLOSU<\/li>\n<li>D\u0130P ADAPT\u00d6R MUHAFAZASI<\/li>\n<li>D\u0130P ADAPT\u00d6R SOMUNU<\/li>\n<li>\u0130ZOLES\u0130Z \u00c7EL\u0130K SP\u0130RAL<\/li>\n<\/ul>\n<p style=\"font-weight: 400;\">\u00a0<strong>Gazalt\u0131 kaynak tor\u00e7lar\u0131 ( Mig \/ Mag Tor\u00e7 )<\/strong> g\u00fcn\u00fcm\u00fczde en \u00e7ok kullan\u0131lan kaynak tor\u00e7lar\u0131d\u0131r. Sebebi en s\u0131k kullan\u0131lan kaynak y\u00f6ntemi, gazalt\u0131 kaynak y\u00f6ntemidir. Gazalt\u0131 kaynak tor\u00e7lar\u0131 haval\u0131 ve sulu olarak s\u0131n\u0131fland\u0131r\u0131l\u0131r. Ayr\u0131ca gazalt\u0131 kaynak makinalar\u0131 su so\u011futmal\u0131 gazalt\u0131 kaynak makinalar\u0131 ve hava so\u011futmal\u0131 gazalt\u0131 kaynak makinalar\u0131 olarakta s\u0131n\u0131fland\u0131r\u0131labilir.<\/p>\n","protected":false},"featured_media":3983,"template":"","meta":[],"product_brand":[],"product_cat":[59,61],"product_tag":[78,81,83,82],"class_list":{"0":"post-3989","1":"product","2":"type-product","3":"status-publish","4":"has-post-thumbnail","6":"product_cat-mig-kaynak-ekipman","7":"product_cat-mig-torclar","8":"product_tag-hava-sogutmali-gazalti-kaynak-torc-3m","9":"product_tag-mig-36","10":"product_tag-mig-36-kd-hava-sogutmali-gazalti-kaynak-torc-3m","11":"product_tag-mig-36-torc","13":"first","14":"instock","15":"shipping-taxable","16":"product-type-simple"},"_links":{"self":[{"href":"https:\/\/www.dakikteknik.com\/demo\/wp-json\/wp\/v2\/product\/3989","targetHints":{"allow":["GET"]}}],"collection":[{"href":"https:\/\/www.dakikteknik.com\/demo\/wp-json\/wp\/v2\/product"}],"about":[{"href":"https:\/\/www.dakikteknik.com\/demo\/wp-json\/wp\/v2\/types\/product"}],"wp:featuredmedia":[{"embeddable":true,"href":"https:\/\/www.dakikteknik.com\/demo\/wp-json\/wp\/v2\/media\/3983"}],"wp:attachment":[{"href":"https:\/\/www.dakikteknik.com\/demo\/wp-json\/wp\/v2\/media?parent=3989"}],"wp:term":[{"taxonomy":"product_brand","embeddable":true,"href":"https:\/\/www.dakikteknik.com\/demo\/wp-json\/wp\/v2\/product_brand?post=3989"},{"taxonomy":"product_cat","embeddable":true,"href":"https:\/\/www.dakikteknik.com\/demo\/wp-json\/wp\/v2\/product_cat?post=3989"},{"taxonomy":"product_tag","embeddable":true,"href":"https:\/\/www.dakikteknik.com\/demo\/wp-json\/wp\/v2\/product_tag?post=3989"}],"curies":[{"name":"wp","href":"https:\/\/api.w.org\/{rel}","templated":true}]}}