{"id":3985,"date":"2023-10-28T19:09:22","date_gmt":"2023-10-28T19:09:22","guid":{"rendered":"https:\/\/www.kaynakcim.com\/demo\/?post_type=product&#038;p=3985"},"modified":"2023-10-28T19:09:58","modified_gmt":"2023-10-28T19:09:58","slug":"mig-15-ak-hava-sogutmali-gazalti-kaynak-torc-5mt","status":"publish","type":"product","link":"https:\/\/www.dakikteknik.com\/demo\/urun\/mig-15-ak-hava-sogutmali-gazalti-kaynak-torc-5mt\/","title":{"rendered":"Mig 15 AK Hava So\u011futmal\u0131 Gazalt\u0131 Kaynak Tor\u00e7 5Mt"},"content":{"rendered":"","protected":false},"excerpt":{"rendered":"<p style=\"font-weight: 400;\">Yerli \u00fcretim olup, kontak meme, meme hamili ve nozul\u00a0 \u00fczerinde olup direk kullan\u0131ma uygun haldedir.<\/p>\n<p style=\"font-weight: 400;\"><strong>HAVA SO\u011eUTMALI<\/strong><\/p>\n<ul>\n<li style=\"font-weight: 400;\">180 Amp. CO2\u00a0\u00a0 150 Amp. Kar\u0131\u015f\u0131m Gaz<\/li>\n<li style=\"font-weight: 400;\">\u00c7al\u0131\u015fma S\u00fcresi\u00a0\u00a0 % 60<\/li>\n<li style=\"font-weight: 400;\">Tel \u00c7ap\u0131\u00a0\u00a0\u00a0\u00a0\u00a0\u00a0\u00a0\u00a0\u00a0\u00a0\u00a0\u00a0\u00a0\u00a0\u00a0 0.6 &#8211; 1.0 mm.<\/li>\n<li style=\"font-weight: 400;\">15 Konik Nozul<\/li>\n<li style=\"font-weight: 400;\">M6.06.0,8 mm (Kontakmeme)<\/li>\n<li style=\"font-weight: 400;\">15 Ku\u011fu Boynu<\/li>\n<li style=\"font-weight: 400;\">15 Meme Tutucu<\/li>\n<li style=\"font-weight: 400;\">15 Nozul Yay\u0131<\/li>\n<li style=\"font-weight: 400;\">Boyun Takozu<\/li>\n<li style=\"font-weight: 400;\">Mig Kabza<\/li>\n<li style=\"font-weight: 400;\">Mig Tetik<\/li>\n<li style=\"font-weight: 400;\">Kabza Bilezi\u011fi<\/li>\n<li style=\"font-weight: 400;\">15 Kablo Koruyucu<\/li>\n<li style=\"font-weight: 400;\">15 (3mt-180A) Tor\u00e7 Kablosu<\/li>\n<li style=\"font-weight: 400;\">15\/24\/25\/36 Dip Adapt\u00f6r Muhafazas\u0131<\/li>\n<li style=\"font-weight: 400;\">Dip Adapt\u00f6r Somunu<\/li>\n<li style=\"font-weight: 400;\">15\/24\/25\/36 Dip Adapt\u00f6r\u00fc<\/li>\n<li style=\"font-weight: 400;\">\u00c7elik Spiral (3,5mt)<\/li>\n<li style=\"font-weight: 400;\">Teflon Spiral (MTR)<\/li>\n<\/ul>\n<p style=\"font-weight: 400;\">\u00a0 <strong>Gazalt\u0131 kaynak tor\u00e7lar\u0131 ( Mig \/ Mag Tor\u00e7 )<\/strong> g\u00fcn\u00fcm\u00fczde en \u00e7ok kullan\u0131lan kaynak tor\u00e7lar\u0131d\u0131r. Sebebi en s\u0131k kullan\u0131lan kaynak y\u00f6ntemi, gazalt\u0131 kaynak y\u00f6ntemidir. Gazalt\u0131 kaynak tor\u00e7lar\u0131 haval\u0131 ve sulu olarak s\u0131n\u0131fland\u0131r\u0131l\u0131r. Ayr\u0131ca gazalt\u0131 kaynak makinalar\u0131 su so\u011futmal\u0131 gazalt\u0131 kaynak makinalar\u0131 ve hava so\u011futmal\u0131 gazalt\u0131 kaynak makinalar\u0131 olarakta s\u0131n\u0131fland\u0131r\u0131labilir.<\/p>\n","protected":false},"featured_media":3983,"template":"","meta":[],"product_brand":[],"product_cat":[59,61],"product_tag":[76,71,74,70,72],"class_list":{"0":"post-3985","1":"product","2":"type-product","3":"status-publish","4":"has-post-thumbnail","6":"product_cat-mig-kaynak-ekipman","7":"product_cat-mig-torclar","8":"product_tag-5-metre-torc","9":"product_tag-hava-sogutmali-gazalti-kaynak","10":"product_tag-hava-sogutmali-torc","11":"product_tag-mig-15-ak","12":"product_tag-torc","14":"first","15":"instock","16":"shipping-taxable","17":"product-type-simple"},"_links":{"self":[{"href":"https:\/\/www.dakikteknik.com\/demo\/wp-json\/wp\/v2\/product\/3985","targetHints":{"allow":["GET"]}}],"collection":[{"href":"https:\/\/www.dakikteknik.com\/demo\/wp-json\/wp\/v2\/product"}],"about":[{"href":"https:\/\/www.dakikteknik.com\/demo\/wp-json\/wp\/v2\/types\/product"}],"wp:featuredmedia":[{"embeddable":true,"href":"https:\/\/www.dakikteknik.com\/demo\/wp-json\/wp\/v2\/media\/3983"}],"wp:attachment":[{"href":"https:\/\/www.dakikteknik.com\/demo\/wp-json\/wp\/v2\/media?parent=3985"}],"wp:term":[{"taxonomy":"product_brand","embeddable":true,"href":"https:\/\/www.dakikteknik.com\/demo\/wp-json\/wp\/v2\/product_brand?post=3985"},{"taxonomy":"product_cat","embeddable":true,"href":"https:\/\/www.dakikteknik.com\/demo\/wp-json\/wp\/v2\/product_cat?post=3985"},{"taxonomy":"product_tag","embeddable":true,"href":"https:\/\/www.dakikteknik.com\/demo\/wp-json\/wp\/v2\/product_tag?post=3985"}],"curies":[{"name":"wp","href":"https:\/\/api.w.org\/{rel}","templated":true}]}}